{"id":30,"date":"2019-08-27T17:16:42","date_gmt":"2019-08-27T15:16:42","guid":{"rendered":"http:\/\/localhost\/?page_id=30"},"modified":"2024-08-19T08:40:42","modified_gmt":"2024-08-19T06:40:42","slug":"kontakt","status":"publish","type":"page","link":"https:\/\/ordinacevodickova.cz\/index.php\/kontakt\/","title":{"rendered":"Kontakt"},"content":{"rendered":"\n<h4 class=\"wp-block-heading\">Adresa<\/h4>\n\n\n\n<p>Ordinace se nach\u00e1z\u00ed v pal\u00e1ci Ligna ve druh\u00e9m pat\u0159e.<\/p>\n\n\n\n<p>Vodi\u010dkova 791\/41, 110 00 Praha 1 &#8211; Nov\u00e9 M\u011bsto<\/p>\n\n\n\n<h4 class=\"wp-block-heading\">Jak se k n\u00e1m dostanete<\/h4>\n\n\n\n<p>Pal\u00e1c Ligna se nach\u00e1z\u00ed hned vedle tramvajov\u00e9 zast\u00e1vky V\u00e1clavsk\u00e9 n\u00e1m\u011bst\u00ed a pobl\u00ed\u017e je i vstup do metra M\u016fstek<\/p>\n\n\n\n<p><\/p>\n\n\n\n<h4 class=\"wp-block-heading\"><strong> Mobil :<\/strong><\/h4>\n\n\n\n<p>+ 420 605 360 690<\/p>\n\n\n\n<p><strong>Email:<\/strong><\/p>\n\n\n\n<p><a href=\"mailto:ordinacevodickova@promedis.eu\">ordinacevodickova@promedis.eu<\/a><\/p>\n\n\n\n<iframe loading=\"lazy\" src=\"https:\/\/www.google.com\/maps\/embed?pb=!1m18!1m12!1m3!1d1280.1149578214847!2d14.425350751129637!3d50.081982098384955!2m3!1f0!2f0!3f0!3m2!1i1024!2i768!4f13.1!3m3!1m2!1s0x470b94ed26b0e6e3%3A0xa14d888ea6862d16!2zVm9kacSNa292YSA3OTEvNDEsIDExMCAwMCBOb3bDqSBNxJtzdG8!5e0!3m2!1scs!2scz!4v1568791042896!5m2!1scs!2scz\" width=\"600\" height=\"450\" frameborder=\"0\" style=\"border:0;\" allowfullscreen=\"\"><\/iframe>\n\n\n\n<br><a href=\"https:\/\/goo.gl\/maps\/LxsJMmGVoyJQmyWs8\">Zv\u011bt\u0161it mapu<\/a>\n\n\n\n<figure class=\"wp-block-image size-large\"><img loading=\"lazy\" decoding=\"async\" width=\"1024\" height=\"1024\" src=\"http:\/\/ordinacevodickova.cz\/wp-content\/uploads\/2020\/08\/IMG_2313-1-1024x1024.jpg\" alt=\"\" class=\"wp-image-270\" srcset=\"https:\/\/ordinacevodickova.cz\/wp-content\/uploads\/2020\/08\/IMG_2313-1-1024x1024.jpg 1024w, https:\/\/ordinacevodickova.cz\/wp-content\/uploads\/2020\/08\/IMG_2313-1-300x300.jpg 300w, https:\/\/ordinacevodickova.cz\/wp-content\/uploads\/2020\/08\/IMG_2313-1-150x150.jpg 150w, https:\/\/ordinacevodickova.cz\/wp-content\/uploads\/2020\/08\/IMG_2313-1-768x768.jpg 768w, https:\/\/ordinacevodickova.cz\/wp-content\/uploads\/2020\/08\/IMG_2313-1.jpg 1280w\" sizes=\"auto, (max-width: 1024px) 100vw, 1024px\" \/><figcaption class=\"wp-element-caption\"><strong>Jak se k n\u00e1m dostenete<\/strong><\/figcaption><\/figure>\n\n\n\n<p><\/p>\n","protected":false},"excerpt":{"rendered":"<p>Adresa Ordinace se nach\u00e1z\u00ed v pal\u00e1ci Ligna ve druh\u00e9m pat\u0159e. Vodi\u010dkova 791\/41, 110 00 Praha 1 &#8211; Nov\u00e9 M\u011bsto Jak se k n\u00e1m dostanete Pal\u00e1c&hellip;<\/p>\n","protected":false},"author":2,"featured_media":0,"parent":0,"menu_order":0,"comment_status":"closed","ping_status":"closed","template":"","meta":{"footnotes":""},"class_list":["post-30","page","type-page","status-publish","hentry"],"_links":{"self":[{"href":"https:\/\/ordinacevodickova.cz\/index.php\/wp-json\/wp\/v2\/pages\/30","targetHints":{"allow":["GET"]}}],"collection":[{"href":"https:\/\/ordinacevodickova.cz\/index.php\/wp-json\/wp\/v2\/pages"}],"about":[{"href":"https:\/\/ordinacevodickova.cz\/index.php\/wp-json\/wp\/v2\/types\/page"}],"author":[{"embeddable":true,"href":"https:\/\/ordinacevodickova.cz\/index.php\/wp-json\/wp\/v2\/users\/2"}],"replies":[{"embeddable":true,"href":"https:\/\/ordinacevodickova.cz\/index.php\/wp-json\/wp\/v2\/comments?post=30"}],"version-history":[{"count":15,"href":"https:\/\/ordinacevodickova.cz\/index.php\/wp-json\/wp\/v2\/pages\/30\/revisions"}],"predecessor-version":[{"id":421,"href":"https:\/\/ordinacevodickova.cz\/index.php\/wp-json\/wp\/v2\/pages\/30\/revisions\/421"}],"wp:attachment":[{"href":"https:\/\/ordinacevodickova.cz\/index.php\/wp-json\/wp\/v2\/media?parent=30"}],"curies":[{"name":"wp","href":"https:\/\/api.w.org\/{rel}","templated":true}]}}