{"id":29,"date":"2019-08-27T17:16:42","date_gmt":"2019-08-27T15:16:42","guid":{"rendered":"http:\/\/localhost\/?page_id=29"},"modified":"2022-05-03T08:10:39","modified_gmt":"2022-05-03T06:10:39","slug":"ordinacni-hodiny","status":"publish","type":"page","link":"https:\/\/ordinacevodickova.cz\/index.php\/ordinacni-hodiny\/","title":{"rendered":"Ordina\u010dn\u00ed hodiny"},"content":{"rendered":"\n<figure class=\"wp-block-table aligncenter\"><table><tbody><tr><td><\/td><td><strong>ZVAN\u00cd<\/strong><\/td><td><strong>ADMINISTRATIVA<\/strong><\/td><\/tr><tr><td><strong>Pond\u011bl\u00ed<\/strong><\/td><td>13:30-19:30<\/td><td>18:00-19:30<\/td><\/tr><tr><td><strong>\u00dater\u00fd<\/strong><\/td><td>7:00-13:00<\/td><td>13:00-15:00<\/td><\/tr><tr><td><strong>St\u0159eda<\/strong><\/td><td> 7:00-13:00 <\/td><td>13:00-17:00<\/td><\/tr><tr><td><strong>\u010ctvrtek<\/strong><\/td><td> 7:00-13:00 <\/td><td> 13:00-15:00 <\/td><\/tr><tr><td><strong>P\u00e1tek<\/strong><\/td><td> 7:00-13:00 <\/td><td> 13:00-15:00 <\/td><\/tr><\/tbody><\/table><\/figure>\n\n\n\n<p><strong><em>Pros\u00edme o n\u00e1sleduj\u00edc\u00ed<\/em><\/strong> &#8211; <\/p>\n\n\n\n<ol class=\"wp-block-list\"><li><strong><span class=\"has-inline-color has-vivid-red-color\">V\u017edy se objedn\u00e1v\u00e1me<\/span><\/strong> osobn\u011b nebo telefonem u sestry  alespo\u0148 2 dny p\u0159edem \/plat\u00ed i pro n\u00e1v\u0161t\u011bvn\u00ed slu\u017ebu &#8211; zavol\u00e1te-li o  n\u00e1v\u0161t\u011bvu na ten sam\u00fd den, v\u011bt\u0161inou ji\u017e nelze\/, p\u0159i napln\u011bn\u00ed term\u00edn\u016f ji\u017e  d\u00e1le nelze na dan\u00fd term\u00edn objedn\u00e1vat! \/objedn\u00e1n\u00ed max.&nbsp;3 klient\u016f na danou  hodinu\/<\/li><li>Hodiny pro administrativu jsou prim\u00e1rn\u011b ur\u010deny pro vypisov\u00e1n\u00ed doporu\u010den\u00ed do l\u00e1zn\u00ed, v\u00fdpisy, posudkovou  \u010dinnost atd., ne pro nemocn\u00e9 pacienty! <\/li><\/ol>\n\n\n\n<p><strong><em>P\u0159ednostn\u011b<\/em><\/strong> bereme v\u017edy akutn\u00ed stavy \/du\u0161nosti, siln\u00e9 bolesti&#8230;\/ t\u011bhotn\u00e9 a rodi\u010de s d\u011btmi.<\/p>\n\n\n\n<p>Na v\u00fdsledky, pros\u00edm, volejte pond\u011bl\u00ed 16:00 &#8211; 18:00 hodin, ostatn\u00ed dny 11:00-12:00<\/p>\n\n\n\n<p>D\u011bkujeme za porozum\u011bn\u00ed.<\/p>\n","protected":false},"excerpt":{"rendered":"<p>ZVAN\u00cd ADMINISTRATIVA Pond\u011bl\u00ed 13:30-19:30 18:00-19:30 \u00dater\u00fd 7:00-13:00 13:00-15:00 St\u0159eda 7:00-13:00 13:00-17:00 \u010ctvrtek 7:00-13:00 13:00-15:00 P\u00e1tek 7:00-13:00 13:00-15:00 Pros\u00edme o n\u00e1sleduj\u00edc\u00ed &#8211; V\u017edy se objedn\u00e1v\u00e1me osobn\u011b&hellip;<\/p>\n","protected":false},"author":2,"featured_media":0,"parent":0,"menu_order":0,"comment_status":"closed","ping_status":"closed","template":"","meta":{"footnotes":""},"class_list":["post-29","page","type-page","status-publish","hentry"],"_links":{"self":[{"href":"https:\/\/ordinacevodickova.cz\/index.php\/wp-json\/wp\/v2\/pages\/29","targetHints":{"allow":["GET"]}}],"collection":[{"href":"https:\/\/ordinacevodickova.cz\/index.php\/wp-json\/wp\/v2\/pages"}],"about":[{"href":"https:\/\/ordinacevodickova.cz\/index.php\/wp-json\/wp\/v2\/types\/page"}],"author":[{"embeddable":true,"href":"https:\/\/ordinacevodickova.cz\/index.php\/wp-json\/wp\/v2\/users\/2"}],"replies":[{"embeddable":true,"href":"https:\/\/ordinacevodickova.cz\/index.php\/wp-json\/wp\/v2\/comments?post=29"}],"version-history":[{"count":60,"href":"https:\/\/ordinacevodickova.cz\/index.php\/wp-json\/wp\/v2\/pages\/29\/revisions"}],"predecessor-version":[{"id":345,"href":"https:\/\/ordinacevodickova.cz\/index.php\/wp-json\/wp\/v2\/pages\/29\/revisions\/345"}],"wp:attachment":[{"href":"https:\/\/ordinacevodickova.cz\/index.php\/wp-json\/wp\/v2\/media?parent=29"}],"curies":[{"name":"wp","href":"https:\/\/api.w.org\/{rel}","templated":true}]}}