{"id":26,"date":"2019-08-27T17:16:42","date_gmt":"2019-08-27T15:16:42","guid":{"rendered":"http:\/\/localhost\/?page_id=26"},"modified":"2026-05-04T10:57:59","modified_gmt":"2026-05-04T08:57:59","slug":"uvod","status":"publish","type":"page","link":"https:\/\/ordinacevodickova.cz\/","title":{"rendered":"\u00davod"},"content":{"rendered":"\n<h4 class=\"wp-block-heading\">Jsme ordinace v\u0161eobecn\u00e9ho praktick\u00e9ho l\u00e9ka\u0159stv\u00ed a poskytujeme l\u00e9ka\u0159sk\u00e9 slu\u017eby registrovan\u00fdm pacient\u016fm a neodkladnou zdravotn\u00ed p\u00e9\u010di v\u0161em pacient\u016fm.<\/h4>\n\n\n\n<p><br><\/p>\n\n\n\n<p><strong>MUDr. Jan Trybenekr<\/strong> promoval na 1.l\u00e9ka\u0159sk\u00e9 fakult\u011b UK v roce 2003 a v roce 2005 slo\u017eil atestaci ze v\u0161eobecn\u00e9ho  l\u00e9ka\u0159stv\u00ed I.stupn\u011b. Od t\u00e9ho\u017e roku praktikuje praxi v tomto oboru.<\/p>\n\n\n\n<p><strong>MUDr. Jan Trybenekr je \u010dlenem<\/strong><\/p>\n\n\n\n<ul class=\"wp-block-list\">\n<li>\u010cesk\u00e9 l\u00e9ka\u0159sk\u00e9 komory<\/li>\n\n\n\n<li>Sdru\u017een\u00ed praktick\u00fdch l\u00e9ka\u0159\u016f \u010cR<\/li>\n\n\n\n<li>Spole\u010dnosti v\u0161eobecn\u00e9ho l\u00e9ka\u0159stv\u00ed \u010cesk\u00e9 l\u00e9ka\u0159sk\u00e9 spole\u010dnosti Jana Evangelisty Purkyn\u011b<\/li>\n<\/ul>\n\n\n\n<p>Asistentka pond\u011blky &#8211; DIS Daniela Trybenekrov\u00e1<\/p>\n\n\n\n<p>Uterky &#8211; p\u00e1tky Michaela Torov\u00e1<\/p>\n\n\n\n<figure class=\"wp-block-image size-large\"><img loading=\"lazy\" decoding=\"async\" width=\"480\" height=\"640\" src=\"http:\/\/ordinacevodickova.cz\/wp-content\/uploads\/2020\/08\/IMG_2299-rotated.jpg\" alt=\"\" class=\"wp-image-263\" srcset=\"https:\/\/ordinacevodickova.cz\/wp-content\/uploads\/2020\/08\/IMG_2299-rotated.jpg 480w, https:\/\/ordinacevodickova.cz\/wp-content\/uploads\/2020\/08\/IMG_2299-225x300.jpg 225w\" sizes=\"auto, (max-width: 480px) 100vw, 480px\" \/><figcaption class=\"wp-element-caption\">\u010cek\u00e1rna<\/figcaption><\/figure>\n\n\n\n<figure class=\"wp-block-image size-large\"><img loading=\"lazy\" decoding=\"async\" width=\"480\" height=\"640\" src=\"http:\/\/ordinacevodickova.cz\/wp-content\/uploads\/2020\/08\/IMG_2301-rotated.jpg\" alt=\"\" class=\"wp-image-264\" srcset=\"https:\/\/ordinacevodickova.cz\/wp-content\/uploads\/2020\/08\/IMG_2301-rotated.jpg 480w, https:\/\/ordinacevodickova.cz\/wp-content\/uploads\/2020\/08\/IMG_2301-225x300.jpg 225w\" sizes=\"auto, (max-width: 480px) 100vw, 480px\" \/><figcaption class=\"wp-element-caption\">Sesterna<\/figcaption><\/figure>\n\n\n\n<figure class=\"wp-block-image size-large\"><img loading=\"lazy\" decoding=\"async\" width=\"640\" height=\"196\" src=\"http:\/\/ordinacevodickova.cz\/wp-content\/uploads\/2020\/08\/IMG_2303.jpg\" alt=\"\" class=\"wp-image-265\" srcset=\"https:\/\/ordinacevodickova.cz\/wp-content\/uploads\/2020\/08\/IMG_2303.jpg 640w, https:\/\/ordinacevodickova.cz\/wp-content\/uploads\/2020\/08\/IMG_2303-300x92.jpg 300w\" sizes=\"auto, (max-width: 640px) 100vw, 640px\" \/><figcaption class=\"wp-element-caption\">Ordinace<\/figcaption><\/figure>\n","protected":false},"excerpt":{"rendered":"<p>Jsme ordinace v\u0161eobecn\u00e9ho praktick\u00e9ho l\u00e9ka\u0159stv\u00ed a poskytujeme l\u00e9ka\u0159sk\u00e9 slu\u017eby registrovan\u00fdm pacient\u016fm a neodkladnou zdravotn\u00ed p\u00e9\u010di v\u0161em pacient\u016fm. MUDr. Jan Trybenekr promoval na 1.l\u00e9ka\u0159sk\u00e9 fakult\u011b UK&hellip;<\/p>\n","protected":false},"author":2,"featured_media":0,"parent":0,"menu_order":0,"comment_status":"closed","ping_status":"closed","template":"","meta":{"footnotes":""},"class_list":["post-26","page","type-page","status-publish","hentry"],"_links":{"self":[{"href":"https:\/\/ordinacevodickova.cz\/index.php\/wp-json\/wp\/v2\/pages\/26","targetHints":{"allow":["GET"]}}],"collection":[{"href":"https:\/\/ordinacevodickova.cz\/index.php\/wp-json\/wp\/v2\/pages"}],"about":[{"href":"https:\/\/ordinacevodickova.cz\/index.php\/wp-json\/wp\/v2\/types\/page"}],"author":[{"embeddable":true,"href":"https:\/\/ordinacevodickova.cz\/index.php\/wp-json\/wp\/v2\/users\/2"}],"replies":[{"embeddable":true,"href":"https:\/\/ordinacevodickova.cz\/index.php\/wp-json\/wp\/v2\/comments?post=26"}],"version-history":[{"count":26,"href":"https:\/\/ordinacevodickova.cz\/index.php\/wp-json\/wp\/v2\/pages\/26\/revisions"}],"predecessor-version":[{"id":494,"href":"https:\/\/ordinacevodickova.cz\/index.php\/wp-json\/wp\/v2\/pages\/26\/revisions\/494"}],"wp:attachment":[{"href":"https:\/\/ordinacevodickova.cz\/index.php\/wp-json\/wp\/v2\/media?parent=26"}],"curies":[{"name":"wp","href":"https:\/\/api.w.org\/{rel}","templated":true}]}}