{"id":32,"date":"2019-08-27T17:16:42","date_gmt":"2019-08-27T15:16:42","guid":{"rendered":"http:\/\/localhost\/?page_id=32"},"modified":"2026-03-19T19:08:25","modified_gmt":"2026-03-19T18:08:25","slug":"aktuality","status":"publish","type":"page","link":"http:\/\/ordinacevodickova.cz\/index.php\/aktuality\/","title":{"rendered":"Aktuality"},"content":{"rendered":"\n<p>V p\u00e1tek  20.3.2026 KONGRES <\/p>\n\n\n\n<p>Z\u00e1stup: <strong>MEDIBEL s.r.o.<\/strong>\u00a0&#8211; MUDr. Zuzana Beli\u0161, T\u011b\u0161nov 1163\/5, 110 00 Praha 1.  O\u0161et\u0159\u00ed pouze akutn\u00ed pacienty.<\/p>\n\n\n\n<p>Telefonn\u00ed \u010d\u00edslo do ordinace funguje, pro p\u0159\u00edpad recept\u016f, PN a objedn\u00e1n\u00ed, volejte do 11.00 hodin. D\u011bkuji <\/p>\n\n\n\n<p><strong><em>Nad\u00e1le plat\u00ed z\u00e1sady n\u00ed\u017ee:<\/em><\/strong><\/p>\n\n\n\n<p class=\"has-luminous-vivid-orange-color has-text-color\"><strong>V r\u00e1mci dodr\u017eov\u00e1n\u00ed zv\u00fd\u0161en\u00fdch hygienicko-epidemiologick\u00fdch opat\u0159en\u00ed p\u0159istupujeme k n\u00e1sleduj\u00edc\u00edm zm\u011bn\u00e1m:<\/strong><\/p>\n\n\n\n<p>Sledujte\npros\u00edm pozorn\u011b ordina\u010dn\u00ed hodiny, doch\u00e1z\u00ed k zm\u011bn\u011b p\u0159ij\u00edm\u00e1n\u00ed\npacient\u016f.<\/p>\n\n\n\n<p>Nad\u00e1le\nbudeme klienty pouze objedn\u00e1vat na p\u0159edem dohodnut\u00fd \u010das,<\/p>\n\n\n\n<p>V\np\u0159\u00edpad\u011b, \u017ee se nem\u016f\u017eete na dan\u00fd term\u00edn dostavit, kontaktujte\nn\u00e1s, abychom term\u00edn vyu\u017eili pro dal\u0161\u00ed klienty.<\/p>\n\n\n\n<p>Zva\u017ete, zda je nutn\u00e9 s r\u00fdmou a nekomplikovanou vir\u00f3zou nav\u0161t\u00edvit ambulanci? Pracovn\u00ed neschopenku i recepty lze vystavit elektronicky. <\/p>\n\n\n\n<p class=\"has-vivid-red-color has-text-color has-medium-font-size\"><strong>Pros\u00edm\no dodr\u017eov\u00e1n\u00ed n\u00e1sleduj\u00edc\u00edch pravidel:<\/strong><\/p>\n\n\n\n<p>&#8211;\nV\u017edy se k vy\u0161et\u0159en\u00ed mus\u00edte objednat. Nejl\u00e9pe telefonicky pop\u0159.\nemailem. Pokud nap\u00ed\u0161ete email po skon\u010den\u00ed ordina\u010dn\u00edch hodin\u00e1ch\nambulnace, budete muset \u010dekat na potrvzen\u00ed emailu a pak V\u00e1m bude\nnab\u00eddut term\u00edn.<\/p>\n\n\n\n<p class=\"has-vivid-green-cyan-color has-text-color\"><strong>&#8211; P\u0159i vstupu do ordinace s infektem horn\u00edch a doln\u00edch cest d\u00fdchac\u00edch si v\u017edy kryjte \u00fasta a nos rou\u0161kou.<\/strong><\/p>\n","protected":false},"excerpt":{"rendered":"<p>V p\u00e1tek 20.3.2026 KONGRES Z\u00e1stup: MEDIBEL s.r.o.\u00a0&#8211; MUDr. Zuzana Beli\u0161, T\u011b\u0161nov 1163\/5, 110 00 Praha 1. O\u0161et\u0159\u00ed pouze akutn\u00ed pacienty. Telefonn\u00ed \u010d\u00edslo do ordinace funguje,&hellip;<\/p>\n","protected":false},"author":2,"featured_media":0,"parent":0,"menu_order":0,"comment_status":"closed","ping_status":"closed","template":"","meta":{"footnotes":""},"class_list":["post-32","page","type-page","status-publish","hentry"],"_links":{"self":[{"href":"http:\/\/ordinacevodickova.cz\/index.php\/wp-json\/wp\/v2\/pages\/32","targetHints":{"allow":["GET"]}}],"collection":[{"href":"http:\/\/ordinacevodickova.cz\/index.php\/wp-json\/wp\/v2\/pages"}],"about":[{"href":"http:\/\/ordinacevodickova.cz\/index.php\/wp-json\/wp\/v2\/types\/page"}],"author":[{"embeddable":true,"href":"http:\/\/ordinacevodickova.cz\/index.php\/wp-json\/wp\/v2\/users\/2"}],"replies":[{"embeddable":true,"href":"http:\/\/ordinacevodickova.cz\/index.php\/wp-json\/wp\/v2\/comments?post=32"}],"version-history":[{"count":95,"href":"http:\/\/ordinacevodickova.cz\/index.php\/wp-json\/wp\/v2\/pages\/32\/revisions"}],"predecessor-version":[{"id":490,"href":"http:\/\/ordinacevodickova.cz\/index.php\/wp-json\/wp\/v2\/pages\/32\/revisions\/490"}],"wp:attachment":[{"href":"http:\/\/ordinacevodickova.cz\/index.php\/wp-json\/wp\/v2\/media?parent=32"}],"curies":[{"name":"wp","href":"https:\/\/api.w.org\/{rel}","templated":true}]}}